{"id":78,"date":"2022-05-17T14:03:06","date_gmt":"2022-05-17T14:03:06","guid":{"rendered":"https:\/\/vsschoenau.ac.at\/?page_id=78"},"modified":"2025-10-05T14:42:06","modified_gmt":"2025-10-05T14:42:06","slug":"hausordnung","status":"publish","type":"page","link":"https:\/\/vsschoenau.ac.at\/?page_id=78","title":{"rendered":"Hausordnung"},"content":{"rendered":"<p style=\"text-align: center;\"><strong>Allgemeine Hausordnung der VS Sch\u00f6nau<\/strong><\/p>\n<p>Es ist notwendig einige Regeln einzuhalten, damit wir uns alle in der Schule wohl f\u00fchlen und ungest\u00f6rt lernen k\u00f6nnen.<\/p>\n<ol>\n<li><strong>P\u00fcnktlichkeit:<\/strong><\/li>\n<\/ol>\n<p>Wir kommen rechtzeitig vor Unterrichtsbeginn zur Schule und gehen alleine in die Klasse. F\u00fcr Aufsicht ist gesorgt.<\/p>\n<p><strong>2. H\u00f6flichkeit:<\/strong><\/p>\n<p>Wir begegnen allen Menschen im Schulhaus mit Respekt und H\u00f6flichkeit. Wir vergessen nicht darauf zu gr\u00fc\u00dfen. Wir sagen \u201eBitte!\u201c und \u201eDanke!\u201c. Das st\u00e4rkt unsere Gemeinschaft.<\/p>\n<p><strong>3. Ordnung:<\/strong><\/p>\n<p>Wir geben auf unsere Schulsachen und das Eigentum der Schule acht. \u201eVergessenes\u201c kann am Nachmittag nicht aus der Klasse geholt werden. Das gilt auch f\u00fcr die Hortkinder!<\/p>\n<p>Die Lehr- und Lernmittel beleben und unterst\u00fctzen den Unterricht. Wir gehen sorgsam damit um! Absichtliche Besch\u00e4digung muss der Verursacher bezahlen! Wir trennen und vermeiden M\u00fcll.<\/p>\n<p><strong>\u00a0 \u00a0 4. Arbeitsklima:<\/strong><\/p>\n<p>Das Handy und die Smartwatch bleiben w\u00e4hrend des gesamten Aufenthaltes im Schulgel\u00e4nde ausgeschaltet und werden in der Schultasche aufbewahrt. Wertvoller Schmuck, andere Wertgegenst\u00e4nde, elektronische Spielger\u00e4te und gef\u00e4hrliche Gegenst\u00e4nde bleiben zu Hause.<\/p>\n<p>Wenn Kinder in der Aula arbeiten, verhalten sich alle ruhig.<\/p>\n<p><strong>\u00a0 \u00a0 5. Hygiene\/Gesundheit:<\/strong><\/p>\n<p>Es besteht Meldepflicht bei Lausbefall und bei Erkrankung an Masern.<\/p>\n<p>Nach der Ben\u00fctzung der Toilette waschen wir uns die H\u00e4nde. Wir denken an unsere Umwelt und gehen sparsam mit den Papierhandt\u00fcchern und dem WC-Papier um!<\/p>\n<p><strong> \u00a06. Kleidung:<\/strong><\/p>\n<p>Wir tragen im Schulhaus Hausschuhe. Im Turnunterricht tragen wir Turnkleidung. Kappen bleiben in der Garderobe.<\/p>\n<p><strong>7. Schuljause:<\/strong><\/p>\n<p>Die Schuljause soll Energie f\u00fcr die kommenden Unterrichtsstunden bieten und m\u00f6glichst gesund sein. Bitte keine Naschereien und Salzgeb\u00e4ck und auch keine koffeinhaltigen Getr\u00e4nke wie Eistee, Cola oder sonstige Limonaden. (Dies gilt auch bei Ausfl\u00fcgen und Wandertagen!)<\/p>\n<p><strong>8. F\u00fcr die Eltern:<\/strong><\/p>\n<p>Das Fahren mit Fahrr\u00e4dern ist ohne erwachsene Begleitperson laut Stra\u00dfenverkehrsordnung erst ab dem 12. Geburtstag oder ab erfolgreich abgelegter Fahrradpr\u00fcfung erlaubt.<\/p>\n<p>Das Fahren mit Scootern ist bereits ab 8 Jahren auf dem Gehsteig erlaubt.<\/p>\n<p>Die Eltern werden ersucht, Mitteilungen der Klasse und der Schule durch ihre Best\u00e4tigung auf Schoolfox ZEITNAH zur Kenntnis zu nehmen.<\/p>\n","protected":false},"excerpt":{"rendered":"<p>Allgemeine Hausordnung der VS Sch\u00f6nau Es ist notwendig einige Regeln einzuhalten, damit wir uns alle in der Schule wohl f\u00fchlen und ungest\u00f6rt lernen k\u00f6nnen. P\u00fcnktlichkeit: Wir kommen rechtzeitig vor Unterrichtsbeginn zur Schule und gehen alleine in die Klasse. F\u00fcr Aufsicht ist gesorgt. 2. H\u00f6flichkeit: Wir begegnen allen Menschen im Schulhaus mit Respekt und H\u00f6flichkeit. Wir [&hellip;]<\/p>\n","protected":false},"author":1,"featured_media":0,"parent":0,"menu_order":0,"comment_status":"closed","ping_status":"closed","template":"","meta":{"site-sidebar-layout":"default","site-content-layout":"default","ast-site-content-layout":"default","site-content-style":"default","site-sidebar-style":"default","ast-global-header-display":"","ast-banner-title-visibility":"","ast-main-header-display":"","ast-hfb-above-header-display":"","ast-hfb-below-header-display":"","ast-hfb-mobile-header-display":"","site-post-title":"","ast-breadcrumbs-content":"","ast-featured-img":"","footer-sml-layout":"","theme-transparent-header-meta":"default","adv-header-id-meta":"","stick-header-meta":"","header-above-stick-meta":"","header-main-stick-meta":"","header-below-stick-meta":"","astra-migrate-meta-layouts":"set","ast-page-background-enabled":"default","ast-page-background-meta":{"desktop":{"background-color":"var(--ast-global-color-4)","background-image":"","background-repeat":"repeat","background-position":"center center","background-size":"auto","background-attachment":"scroll","background-type":"","background-media":"","overlay-type":"","overlay-color":"","overlay-opacity":"","overlay-gradient":""},"tablet":{"background-color":"","background-image":"","background-repeat":"repeat","background-position":"center center","background-size":"auto","background-attachment":"scroll","background-type":"","background-media":"","overlay-type":"","overlay-color":"","overlay-opacity":"","overlay-gradient":""},"mobile":{"background-color":"","background-image":"","background-repeat":"repeat","background-position":"center center","background-size":"auto","background-attachment":"scroll","background-type":"","background-media":"","overlay-type":"","overlay-color":"","overlay-opacity":"","overlay-gradient":""}},"ast-content-background-meta":{"desktop":{"background-color":"var(--ast-global-color-5)","background-image":"","background-repeat":"repeat","background-position":"center center","background-size":"auto","background-attachment":"scroll","background-type":"","background-media":"","overlay-type":"","overlay-color":"","overlay-opacity":"","overlay-gradient":""},"tablet":{"background-color":"var(--ast-global-color-5)","background-image":"","background-repeat":"repeat","background-position":"center center","background-size":"auto","background-attachment":"scroll","background-type":"","background-media":"","overlay-type":"","overlay-color":"","overlay-opacity":"","overlay-gradient":""},"mobile":{"background-color":"var(--ast-global-color-5)","background-image":"","background-repeat":"repeat","background-position":"center center","background-size":"auto","background-attachment":"scroll","background-type":"","background-media":"","overlay-type":"","overlay-color":"","overlay-opacity":"","overlay-gradient":""}},"footnotes":""},"class_list":["post-78","page","type-page","status-publish","hentry"],"_links":{"self":[{"href":"https:\/\/vsschoenau.ac.at\/index.php?rest_route=\/wp\/v2\/pages\/78","targetHints":{"allow":["GET"]}}],"collection":[{"href":"https:\/\/vsschoenau.ac.at\/index.php?rest_route=\/wp\/v2\/pages"}],"about":[{"href":"https:\/\/vsschoenau.ac.at\/index.php?rest_route=\/wp\/v2\/types\/page"}],"author":[{"embeddable":true,"href":"https:\/\/vsschoenau.ac.at\/index.php?rest_route=\/wp\/v2\/users\/1"}],"replies":[{"embeddable":true,"href":"https:\/\/vsschoenau.ac.at\/index.php?rest_route=%2Fwp%2Fv2%2Fcomments&post=78"}],"version-history":[{"count":7,"href":"https:\/\/vsschoenau.ac.at\/index.php?rest_route=\/wp\/v2\/pages\/78\/revisions"}],"predecessor-version":[{"id":3091,"href":"https:\/\/vsschoenau.ac.at\/index.php?rest_route=\/wp\/v2\/pages\/78\/revisions\/3091"}],"wp:attachment":[{"href":"https:\/\/vsschoenau.ac.at\/index.php?rest_route=%2Fwp%2Fv2%2Fmedia&parent=78"}],"curies":[{"name":"wp","href":"https:\/\/api.w.org\/{rel}","templated":true}]}}