{"id":62,"date":"2022-05-17T13:55:49","date_gmt":"2022-05-17T13:55:49","guid":{"rendered":"https:\/\/vsschoenau.ac.at\/?page_id=62"},"modified":"2022-11-09T14:46:03","modified_gmt":"2022-11-09T14:46:03","slug":"leitbild","status":"publish","type":"page","link":"https:\/\/vsschoenau.ac.at\/?page_id=62","title":{"rendered":"Leitbild"},"content":{"rendered":"<h2 style=\"text-align: left;\"><img loading=\"lazy\" decoding=\"async\" class=\"aligncenter wp-image-427 size-large\" src=\"https:\/\/vsschoenau.ac.at\/wp-content\/uploads\/2022\/11\/vsschoenau_logo_transparent-003-NEU-1024x671.jpg\" alt=\"\" width=\"1024\" height=\"671\" srcset=\"https:\/\/vsschoenau.ac.at\/wp-content\/uploads\/2022\/11\/vsschoenau_logo_transparent-003-NEU-1024x671.jpg 1024w, https:\/\/vsschoenau.ac.at\/wp-content\/uploads\/2022\/11\/vsschoenau_logo_transparent-003-NEU-300x197.jpg 300w, https:\/\/vsschoenau.ac.at\/wp-content\/uploads\/2022\/11\/vsschoenau_logo_transparent-003-NEU-768x503.jpg 768w, https:\/\/vsschoenau.ac.at\/wp-content\/uploads\/2022\/11\/vsschoenau_logo_transparent-003-NEU-1536x1006.jpg 1536w, https:\/\/vsschoenau.ac.at\/wp-content\/uploads\/2022\/11\/vsschoenau_logo_transparent-003-NEU-2048x1342.jpg 2048w\" sizes=\"auto, (max-width: 1024px) 100vw, 1024px\" \/><\/h2>\n<p>&nbsp;<\/p>\n<p><span style=\"color: #008000;\">Der Baum symbolisiert die Wurzeln, die die Schule den Kindern geben m\u00f6chte, die bunte Krone steht f\u00fcr die Entfaltungsm\u00f6glichkeiten.<\/span><\/p>\n<p>&nbsp;<\/p>\n","protected":false},"excerpt":{"rendered":"<p>&nbsp; Der Baum symbolisiert die Wurzeln, die die Schule den Kindern geben m\u00f6chte, die bunte Krone steht f\u00fcr die Entfaltungsm\u00f6glichkeiten. &nbsp;<\/p>\n","protected":false},"author":1,"featured_media":0,"parent":0,"menu_order":0,"comment_status":"closed","ping_status":"closed","template":"","meta":{"site-sidebar-layout":"default","site-content-layout":"default","ast-site-content-layout":"","site-content-style":"default","site-sidebar-style":"default","ast-global-header-display":"","ast-banner-title-visibility":"","ast-main-header-display":"","ast-hfb-above-header-display":"","ast-hfb-below-header-display":"","ast-hfb-mobile-header-display":"","site-post-title":"disabled","ast-breadcrumbs-content":"","ast-featured-img":"","footer-sml-layout":"","theme-transparent-header-meta":"default","adv-header-id-meta":"","stick-header-meta":"","header-above-stick-meta":"","header-main-stick-meta":"","header-below-stick-meta":"","astra-migrate-meta-layouts":"default","ast-page-background-enabled":"default","ast-page-background-meta":{"desktop":{"background-color":"var(--ast-global-color-4)","background-image":"","background-repeat":"repeat","background-position":"center center","background-size":"auto","background-attachment":"scroll","background-type":"","background-media":"","overlay-type":"","overlay-color":"","overlay-opacity":"","overlay-gradient":""},"tablet":{"background-color":"","background-image":"","background-repeat":"repeat","background-position":"center center","background-size":"auto","background-attachment":"scroll","background-type":"","background-media":"","overlay-type":"","overlay-color":"","overlay-opacity":"","overlay-gradient":""},"mobile":{"background-color":"","background-image":"","background-repeat":"repeat","background-position":"center center","background-size":"auto","background-attachment":"scroll","background-type":"","background-media":"","overlay-type":"","overlay-color":"","overlay-opacity":"","overlay-gradient":""}},"ast-content-background-meta":{"desktop":{"background-color":"var(--ast-global-color-5)","background-image":"","background-repeat":"repeat","background-position":"center center","background-size":"auto","background-attachment":"scroll","background-type":"","background-media":"","overlay-type":"","overlay-color":"","overlay-opacity":"","overlay-gradient":""},"tablet":{"background-color":"var(--ast-global-color-5)","background-image":"","background-repeat":"repeat","background-position":"center center","background-size":"auto","background-attachment":"scroll","background-type":"","background-media":"","overlay-type":"","overlay-color":"","overlay-opacity":"","overlay-gradient":""},"mobile":{"background-color":"var(--ast-global-color-5)","background-image":"","background-repeat":"repeat","background-position":"center center","background-size":"auto","background-attachment":"scroll","background-type":"","background-media":"","overlay-type":"","overlay-color":"","overlay-opacity":"","overlay-gradient":""}},"footnotes":""},"class_list":["post-62","page","type-page","status-publish","hentry"],"_links":{"self":[{"href":"https:\/\/vsschoenau.ac.at\/index.php?rest_route=\/wp\/v2\/pages\/62","targetHints":{"allow":["GET"]}}],"collection":[{"href":"https:\/\/vsschoenau.ac.at\/index.php?rest_route=\/wp\/v2\/pages"}],"about":[{"href":"https:\/\/vsschoenau.ac.at\/index.php?rest_route=\/wp\/v2\/types\/page"}],"author":[{"embeddable":true,"href":"https:\/\/vsschoenau.ac.at\/index.php?rest_route=\/wp\/v2\/users\/1"}],"replies":[{"embeddable":true,"href":"https:\/\/vsschoenau.ac.at\/index.php?rest_route=%2Fwp%2Fv2%2Fcomments&post=62"}],"version-history":[{"count":17,"href":"https:\/\/vsschoenau.ac.at\/index.php?rest_route=\/wp\/v2\/pages\/62\/revisions"}],"predecessor-version":[{"id":431,"href":"https:\/\/vsschoenau.ac.at\/index.php?rest_route=\/wp\/v2\/pages\/62\/revisions\/431"}],"wp:attachment":[{"href":"https:\/\/vsschoenau.ac.at\/index.php?rest_route=%2Fwp%2Fv2%2Fmedia&parent=62"}],"curies":[{"name":"wp","href":"https:\/\/api.w.org\/{rel}","templated":true}]}}